{"id":5480,"date":"2022-10-29T19:54:21","date_gmt":"2022-10-29T19:54:21","guid":{"rendered":"https:\/\/backofenbau-heuft.de\/cms\/?page_id=5480"},"modified":"2023-12-22T13:08:15","modified_gmt":"2023-12-22T13:08:15","slug":"home_de","status":"publish","type":"page","link":"https:\/\/backofenbau-heuft.de\/cms\/de\/home_de\/","title":{"rendered":"Home_de"},"content":{"rendered":"<div class=\"n2_clear\"><ss3-fullpage data-based-on=\"real\" data-threshold=\"150\"><div class=\"n2-section-smartslider fitvidsignore  n2_clear\" data-ssid=\"3\" tabindex=\"0\" role=\"region\" aria-label=\"Slider\"><div id=\"n2-ss-3-align\" class=\"n2-ss-align\"><div class=\"n2-padding\"><div id=\"n2-ss-3\" data-creator=\"Smart Slider 3\" data-responsive=\"fullpage\" class=\"n2-ss-slider n2-ow n2-has-hover n2notransition  n2-ss-feature-post-bg-loader\">\n\n\n\n<div class=\"n2-ss-slider-wrapper-inside\">\r\n        <div class=\"n2-ss-slider-1 n2_ss__touch_element n2-ow\">\r\n            <div class=\"n2-ss-slider-2 n2-ow\">\r\n                                                    <div class=\"n2-ss-background-animation n2-ow\"><\/div>\r\n                                <div class=\"n2-ss-slider-3 n2-ow\">\r\n\r\n                    <div class=\"n2-ss-slide-backgrounds n2-ow-all\"><div class=\"n2-ss-slide-background\" data-public-id=\"1\" data-mode=\"fill\"><div class=\"n2-ss-slide-background-image\" data-blur=\"0\" data-opacity=\"100\" data-x=\"49\" data-y=\"82\" data-alt=\"\" data-title=\"\" style=\"--ss-o-pos-x:49%;--ss-o-pos-y:82%\"><picture class=\"skip-lazy\" data-skip-lazy=\"1\"><source srcset=\"\/\/backofenbau-heuft.de\/cms\/wp-content\/uploads\/slider\/cache\/b4c92324bfcc7f9e9ba794d104d150a6\/MG_8592.webp\" type=\"image\/webp\" media=\"(max-width: 500px)\" class=\"skip-lazy\" data-skip-lazy=\"1\"><source srcset=\"\/\/backofenbau-heuft.de\/cms\/wp-content\/uploads\/slider\/cache\/af06eb65f9cccb8e535a4ab52df172e4\/MG_8592.webp\" type=\"image\/webp\" media=\"(max-width: 1200px)\" class=\"skip-lazy\" data-skip-lazy=\"1\"><source srcset=\"\/\/backofenbau-heuft.de\/cms\/wp-content\/uploads\/slider\/cache\/23eac237f1674f8d57355e10809a49f0\/MG_8592.webp\" type=\"image\/webp\" class=\"skip-lazy\" data-skip-lazy=\"1\"><img decoding=\"async\" src=\"\/\/backofenbau-heuft.de\/cms\/wp-content\/uploads\/slider\/cache\/ce35d3d9ab0d66e8b44fdaa933f7f238\/MG_8592.jpg\" alt=\"\" title=\"\" loading=\"lazy\" class=\"skip-lazy\" data-skip-lazy=\"1\"><\/picture><\/div><div data-color=\"RGBA(255,255,255,0)\" style=\"background-color: RGBA(255,255,255,0);\" class=\"n2-ss-slide-background-color\"><\/div><\/div><div class=\"n2-ss-slide-background\" data-public-id=\"2\" data-mode=\"fill\"><div class=\"n2-ss-slide-background-image\" data-blur=\"0\" data-opacity=\"100\" data-x=\"49\" data-y=\"82\" data-alt=\"\" data-title=\"\" style=\"--ss-o-pos-x:49%;--ss-o-pos-y:82%\"><picture class=\"skip-lazy\" data-skip-lazy=\"1\"><source srcset=\"\/\/backofenbau-heuft.de\/cms\/wp-content\/uploads\/slider\/cache\/8479ea0ee0239efb18f6e4f8c26ac845\/holzofen-tuer.webp\" type=\"image\/webp\" media=\"(max-width: 500px)\" class=\"skip-lazy\" data-skip-lazy=\"1\"><source srcset=\"\/\/backofenbau-heuft.de\/cms\/wp-content\/uploads\/slider\/cache\/6257261dd34d34c1e280a243de5abc3a\/holzofen-tuer.webp\" type=\"image\/webp\" media=\"(max-width: 1200px)\" class=\"skip-lazy\" data-skip-lazy=\"1\"><source srcset=\"\/\/backofenbau-heuft.de\/cms\/wp-content\/uploads\/slider\/cache\/f106a6e4148f9be91c1cbc7998a74339\/holzofen-tuer.webp\" type=\"image\/webp\" class=\"skip-lazy\" data-skip-lazy=\"1\"><img decoding=\"async\" src=\"\/\/backofenbau-heuft.de\/cms\/wp-content\/uploads\/slider\/cache\/b2973e95f852dd8fb7f2cc1469f5976a\/holzofen-tuer.jpg\" alt=\"\" title=\"\" loading=\"lazy\" class=\"skip-lazy\" data-skip-lazy=\"1\"><\/picture><\/div><div data-color=\"RGBA(255,255,255,0)\" style=\"background-color: RGBA(255,255,255,0);\" class=\"n2-ss-slide-background-color\"><\/div><\/div><div class=\"n2-ss-slide-background\" data-public-id=\"3\" data-mode=\"fill\"><div class=\"n2-ss-slide-background-image\" data-blur=\"0\" data-opacity=\"100\" data-x=\"49\" data-y=\"82\" data-alt=\"\" data-title=\"\" style=\"--ss-o-pos-x:49%;--ss-o-pos-y:82%\"><picture class=\"skip-lazy\" data-skip-lazy=\"1\"><source srcset=\"\/\/backofenbau-heuft.de\/cms\/wp-content\/uploads\/slider\/cache\/b67efb6463c218a0eeb0edc24e708c62\/DSC92351.webp\" type=\"image\/webp\" media=\"(max-width: 500px)\" class=\"skip-lazy\" data-skip-lazy=\"1\"><source srcset=\"\/\/backofenbau-heuft.de\/cms\/wp-content\/uploads\/slider\/cache\/2da8393e64696b0c23556042f30b317c\/DSC92351.webp\" type=\"image\/webp\" media=\"(max-width: 1200px)\" class=\"skip-lazy\" data-skip-lazy=\"1\"><source srcset=\"\/\/backofenbau-heuft.de\/cms\/wp-content\/uploads\/slider\/cache\/da8bd538506df34f9cf490480378bc32\/DSC92351.webp\" type=\"image\/webp\" class=\"skip-lazy\" data-skip-lazy=\"1\"><img decoding=\"async\" src=\"\/\/backofenbau-heuft.de\/cms\/wp-content\/uploads\/slider\/cache\/fdea9668d1480da1892b6dcfe3c9f00f\/DSC92351.jpg\" alt=\"\" title=\"\" loading=\"lazy\" class=\"skip-lazy\" data-skip-lazy=\"1\"><\/picture><\/div><div data-color=\"RGBA(255,255,255,0)\" style=\"background-color: RGBA(255,255,255,0);\" class=\"n2-ss-slide-background-color\"><\/div><\/div><\/div>                    <div class=\"n2-ss-slider-4 n2-ow\">\r\n                        <div data-first=\"1\" data-slide-duration=\"0\" data-id=\"9\" data-slide-public-id=\"1\" data-title=\"start\" class=\"n2-ss-slide n2-ow  n2-ss-slide-9\"><div role=\"note\" class=\"n2-ss-slide--focus\" tabindex=\"-1\">start<\/div><div class=\"n2-ss-layers-container n2-ss-slide-limiter n2-ow\"><div class=\"n2-ss-layer n2-ow n-uc-8yrD92BQdrFU\" data-sstype=\"slide\" data-pm=\"default\"><div class=\"n2-ss-layer n2-ow n-uc-1ffc69e9de1c8\" data-pm=\"default\" data-sstype=\"content\" data-hasbackground=\"0\"><div class=\"n2-ss-section-main-content n2-ss-layer-with-background n2-ss-layer-content n2-ow n-uc-1ffc69e9de1c8-inner\"><div class=\"n2-ss-layer n2-ow n-uc-1hi10MgTQucD\" data-pm=\"normal\" data-sstype=\"layer\"><div id=\"n2-ss-3item1\" class=\"n2-font-3c2ef0468c027dda350b4f25f6c8d7a0-hover n2-style-a8c16f05c2ef3384a4270dfc737d784f-heading   n2-ss-item-content n2-ss-text n2-ow\" style=\"display:block;\">MER SCHAMEN NEFOS*<\/div><\/div><div class=\"n2-ss-layer n2-ow n-uc-PBNOod7sbdeT n2-ss-layer--auto\" data-pm=\"normal\" data-sstype=\"layer\"><div id=\"n2-ss-3item2\" class=\"  n2-ss-item-content n2-ss-text n2-ow\" style=\"display:inline-block;white-space:nowrap;\"><a class=\"n2-ow n2-font-090807affbb40e2156c83c73cc17413a-hover n2-style-0f3a49e011969112602b7dcee6030cdf-heading \" style=\"display:inline-block;\" href=\"https:\/\/backofenbau-heuft.de\/cms\/de\/das-unternehmen\/\">*hei\u00dft: WIR MACHEN \u00d6FEN. Vielleicht die besten.<\/a><\/div><\/div><div class=\"n2-ss-layer n2-ow n-uc-1ea834d415492 n2-ss-layer--auto\" data-pm=\"normal\" data-sstype=\"layer\"><div id=\"n2-ss-3item3\" class=\"  n2-ss-item-content n2-ss-text n2-ow\" style=\"display:inline-block;white-space:nowrap;\"><a class=\"n2-ow n2-font-090807affbb40e2156c83c73cc17413a-hover n2-style-fe1fed610cd0ab6f8d1471379ac8af3f-heading \" style=\"display:inline-block;\" href=\"https:\/\/backofenbau-heuft.de\/cms\/en\/the-company\/\">*means: WE MAKE OVENS. Maybe the best.<\/a><\/div><\/div><\/div><\/div><\/div><\/div><\/div><div data-slide-duration=\"0\" data-id=\"16\" data-slide-public-id=\"2\" data-title=\"start\" class=\"n2-ss-slide n2-ow  n2-ss-slide-16\"><div role=\"note\" class=\"n2-ss-slide--focus\" tabindex=\"-1\">start<\/div><div class=\"n2-ss-layers-container n2-ss-slide-limiter n2-ow\"><div class=\"n2-ss-layer n2-ow n-uc-qd6onM85txzx\" data-sstype=\"slide\" data-pm=\"default\"><div class=\"n2-ss-layer n2-ow n-uc-RPOb7CwdKYif\" data-pm=\"default\" data-sstype=\"content\" data-hasbackground=\"0\"><div class=\"n2-ss-section-main-content n2-ss-layer-with-background n2-ss-layer-content n2-ow n-uc-RPOb7CwdKYif-inner\"><div class=\"n2-ss-layer n2-ow n-uc-qml9XKixNTso\" data-pm=\"normal\" data-sstype=\"layer\"><div id=\"n2-ss-3item4\" class=\"n2-font-3c2ef0468c027dda350b4f25f6c8d7a0-hover n2-style-a8c16f05c2ef3384a4270dfc737d784f-heading   n2-ss-item-content n2-ss-text n2-ow\" style=\"display:block;\">OOS NEFOS*<\/div><\/div><div class=\"n2-ss-layer n2-ow n-uc-kIF1sUED96MM n2-ss-layer--auto\" data-pm=\"normal\" data-sstype=\"layer\"><div id=\"n2-ss-3item5\" class=\"  n2-ss-item-content n2-ss-text n2-ow\" style=\"display:inline-block;white-space:nowrap;\"><a class=\"n2-ow n2-font-ee8ffb4ab999ffdfdb8651e570a502be-hover n2-style-0f3a49e011969112602b7dcee6030cdf-heading \" style=\"display:inline-block;\" href=\"https:\/\/backofenbau-heuft.de\/cms\/de\/unsere-oefen\/\">*UNSERE \u00d6FEN: Jedes Teil ein Unikat.<\/a><\/div><\/div><div class=\"n2-ss-layer n2-ow n-uc-e8tH87acyAdi n2-ss-layer--auto\" data-pm=\"normal\" data-sstype=\"layer\"><div id=\"n2-ss-3item6\" class=\"  n2-ss-item-content n2-ss-text n2-ow\" style=\"display:inline-block;white-space:nowrap;\"><a class=\"n2-ow n2-font-ee8ffb4ab999ffdfdb8651e570a502be-hover n2-style-fe1fed610cd0ab6f8d1471379ac8af3f-heading \" style=\"display:inline-block;\" href=\"https:\/\/backofenbau-heuft.de\/cms\/en\/our-ovens\/\">*OUR OVENS: every piece is one of a kind.<\/a><\/div><\/div><\/div><\/div><\/div><\/div><\/div><div data-slide-duration=\"0\" data-id=\"17\" data-slide-public-id=\"3\" data-title=\"start\" class=\"n2-ss-slide n2-ow  n2-ss-slide-17\"><div role=\"note\" class=\"n2-ss-slide--focus\" tabindex=\"-1\">start<\/div><div class=\"n2-ss-layers-container n2-ss-slide-limiter n2-ow\"><div class=\"n2-ss-layer n2-ow n-uc-2QGhICWAlnjL\" data-sstype=\"slide\" data-pm=\"default\"><div class=\"n2-ss-layer n2-ow n-uc-SdE3r1xffzZO\" data-pm=\"default\" data-sstype=\"content\" data-hasbackground=\"0\"><div class=\"n2-ss-section-main-content n2-ss-layer-with-background n2-ss-layer-content n2-ow n-uc-SdE3r1xffzZO-inner\"><div class=\"n2-ss-layer n2-ow n-uc-bhZtmFp1MwkD\" data-pm=\"normal\" data-sstype=\"layer\"><div id=\"n2-ss-3item7\" class=\"n2-font-3c2ef0468c027dda350b4f25f6c8d7a0-hover n2-style-a8c16f05c2ef3384a4270dfc737d784f-heading   n2-ss-item-content n2-ss-text n2-ow\" style=\"display:block;\">DAS GEHEIMNIS BESTER BACK\u00d6FEN*<\/div><\/div><div class=\"n2-ss-layer n2-ow n-uc-2higRw09KaX6 n2-ss-layer--auto\" data-pm=\"normal\" data-sstype=\"layer\"><div id=\"n2-ss-3item8\" class=\"  n2-ss-item-content n2-ss-text n2-ow\" style=\"display:inline-block;white-space:nowrap;\"><a class=\"n2-ow n2-font-ee8ffb4ab999ffdfdb8651e570a502be-hover n2-style-0f3a49e011969112602b7dcee6030cdf-heading \" style=\"display:inline-block;\" href=\"https:\/\/backofenbau-heuft.de\/cms\/de\/das-geheimnis-von-bell\/\">*ist das Geheimnis von Bell.<\/a><\/div><\/div><div class=\"n2-ss-layer n2-ow n-uc-oKnLyZdP34QA n2-ss-layer--auto\" data-pm=\"normal\" data-sstype=\"layer\"><div id=\"n2-ss-3item9\" class=\"  n2-ss-item-content n2-ss-text n2-ow\" style=\"display:inline-block;white-space:nowrap;\"><a class=\"n2-ow n2-font-ee8ffb4ab999ffdfdb8651e570a502be-hover n2-style-fe1fed610cd0ab6f8d1471379ac8af3f-heading \" style=\"display:inline-block;\" href=\"https:\/\/backofenbau-heuft.de\/cms\/en\/the-secret-behind-bell\/\">*The secret behind the best ovens is the secret behind Bell<\/a><\/div><\/div><\/div><\/div><\/div><\/div><\/div>                    <\/div>\r\n\r\n                                    <\/div>\r\n            <\/div>\r\n        <\/div>\r\n        <div class=\"n2-ss-slider-controls n2-ss-slider-controls-absolute-left-center\"><div style=\"--widget-offset:15px;\" class=\"n2-ss-widget n2-style-107cb0e4b96e295f0c4852cfc0854d07-heading nextend-arrow n2-ow-all nextend-arrow-previous  nextend-arrow-animated-fade\" id=\"n2-ss-3-arrow-previous\" role=\"button\" aria-label=\"previous arrow\" tabindex=\"0\"><img decoding=\"async\" loading=\"lazy\" width=\"32\" height=\"32\" class=\"skip-lazy\" data-skip-lazy=\"1\" src=\"data:image\/svg+xml;base64,PHN2ZyB4bWxucz0iaHR0cDovL3d3dy53My5vcmcvMjAwMC9zdmciIHdpZHRoPSIzMiIgaGVpZ2h0PSIzMiIgdmlld0JveD0iMCAwIDMyIDMyIj4NCiAgICA8cGF0aCBmaWxsPSIjZmZmZmZmIiBvcGFjaXR5PSIwLjgiIGZpbGwtcnVsZT0iZXZlbm9kZCINCiAgICAgICAgICBkPSJNMTguOTk1OCA4Ljk5MDdjMC0uNDI0LS4yMDQtLjcyMy0uNjEtLjg5OC0uNDA5LS4xNzMtLjc3Mi0uMTA0LTEuMDkzLjIwOWwtNy4wMDYgNi45NzVjLS4yMDEuMTk5LS4yOTcuNDM3LS4yODYuNzE2IDAgLjI2Ny4wOTYuNDk4LjI4Ni42ODlsNy4wMDYgNy4wMDFjLjMyMS4zMjEuNjg0LjM4OSAxLjA5My4yMDkuNDA2LS4xNzQuNjEtLjQ4Mi42MS0uOTIyVjguOTkwN3oiLz4NCjwvc3ZnPg==\" alt=\"previous arrow\"><\/div><\/div><div class=\"n2-ss-slider-controls n2-ss-slider-controls-absolute-right-center\"><div style=\"--widget-offset:15px;\" class=\"n2-ss-widget n2-style-107cb0e4b96e295f0c4852cfc0854d07-heading nextend-arrow n2-ow-all nextend-arrow-next  nextend-arrow-animated-fade\" id=\"n2-ss-3-arrow-next\" role=\"button\" aria-label=\"next arrow\" tabindex=\"0\"><img decoding=\"async\" loading=\"lazy\" width=\"32\" height=\"32\" class=\"skip-lazy\" data-skip-lazy=\"1\" src=\"data:image\/svg+xml;base64,PHN2ZyB3aWR0aD0iMzIiIGhlaWdodD0iMzIiIHZpZXdCb3g9IjAgMCAzMiAzMiIgeG1sbnM9Imh0dHA6Ly93d3cudzMub3JnLzIwMDAvc3ZnIj4NCiAgICA8cGF0aCBkPSJNMTIgOC45OWMwLS40MjMuMjA0LS43MjIuNjEtLjg5Ny40MDgtLjE3My43NzItLjEwNCAxLjA5Mi4yMWw3LjAwNiA2Ljk3NGMuMjAyLjIuMjk4LjQzNy4yODcuNzE2IDAgLjI2Ny0uMDk2LjQ5OC0uMjg3LjY5bC03LjAwNiA3Yy0uMzIuMzItLjY4NC4zOS0xLjA5Mi4yMS0uNDA2LS4xNzUtLjYxLS40ODMtLjYxLS45MjNWOC45OXoiDQogICAgICAgICAgZmlsbD0iI2ZmZmZmZiIgb3BhY2l0eT0iMC44IiBmaWxsLXJ1bGU9ImV2ZW5vZGQiLz4NCjwvc3ZnPg==\" alt=\"next arrow\"><\/div><\/div><\/div><\/div><ss3-loader><\/ss3-loader><\/div><\/div><div class=\"n2_clear\"><\/div><\/div><\/ss3-fullpage><\/div>\n\n<div class=\"gb-container gb-container-0a6efba4\">\n<div class=\"gb-container gb-container-ebda2599\">\n<div class=\"gb-grid-wrapper gb-grid-wrapper-2255ae82\">\n<div class=\"gb-grid-column gb-grid-column-eafacdf6\"><div class=\"gb-container gb-container-eafacdf6\">\n\n<h1 class=\"gb-headline gb-headline-b60bbe7c gb-headline-text\">Bist Du der N\u00e4chste, der weiss, wie es geht?<\/h1>\n\n\n\n<h2 class=\"gb-headline gb-headline-cb414c3c gb-headline-text\">Wir suchen Auszubildende (m\/w\/d) im Ausbildungsberuf METALLBAU, Fachrichtung Konstruktionstechnik<\/h2>\n\n<\/div><\/div>\n\n<div class=\"gb-grid-column gb-grid-column-2d5a4e57\"><div class=\"gb-container gb-container-2d5a4e57\">\n\n<p><strong>Mit Stolz blicken wir auf eine lange handwerkliche Tradition zur\u00fcck, denn seit sieben Generationen hat sich unser Familienbetrieb dem individuellen Backofenbau verschrieben. Heute sind wir der letzte Betrieb, der alle Geheimnisse der traditionellen Beller Back\u00f6fen auch heute noch kennt \u2013 inklusive Geheimsprache! Jeder Backofen aus dem Hause Hermann Heuft ist ein handwerklich gefertigtes Einzelst\u00fcck, ganz speziell auf die Bed\u00fcrfnisse der jeweiligen Auftraggeber abgestimmt. Obwohl wir zu den kleinsten deutschen Ofenherstellern z\u00e4hlen, produzieren wir unsere Back\u00f6fen komplett in eigener Regie, f\u00fcr eine internationale Kundschaft, die Wert auf handwerkliche Qualit\u00e4t legt. All das macht unsere Produkte so einzigartig gut: Tradition, Know-How und eine Prise Lebber Talp!<\/strong><\/p>\n\n<\/div><\/div>\n\n<div class=\"gb-grid-column gb-grid-column-ef76e2d6\"><div class=\"gb-container gb-container-ef76e2d6\">\n\n<p><strong>Suchst Du einen zukunftsorientierten Ausbildungsplatz? Dann freuen wir uns auf Deine aussagekr\u00e4ftige Bewerbung<\/strong>!<\/p>\n\n\n\n<p><strong>Sende Deine Bewerbung an: <\/strong><\/p>\n\n\n\n<p><strong>Hermann Heuft GmbH<br>Am Rothen Berg 7 \u00b7 56745 Bell<br>oder per E-Mail: mail@hermann-heuft.de<\/strong><\/p>\n\n\n\n<p><strong>Telefonnummer f\u00fcr R\u00fcckfragen: +49 (26 52) 12 53<\/strong><\/p>\n\n<\/div><\/div>\n<\/div>\n<\/div>\n<\/div>","protected":false},"excerpt":{"rendered":"","protected":false},"author":2,"featured_media":0,"parent":0,"menu_order":0,"comment_status":"closed","ping_status":"closed","template":"","meta":{"footnotes":""},"_links":{"self":[{"href":"https:\/\/backofenbau-heuft.de\/cms\/wp-json\/wp\/v2\/pages\/5480"}],"collection":[{"href":"https:\/\/backofenbau-heuft.de\/cms\/wp-json\/wp\/v2\/pages"}],"about":[{"href":"https:\/\/backofenbau-heuft.de\/cms\/wp-json\/wp\/v2\/types\/page"}],"author":[{"embeddable":true,"href":"https:\/\/backofenbau-heuft.de\/cms\/wp-json\/wp\/v2\/users\/2"}],"replies":[{"embeddable":true,"href":"https:\/\/backofenbau-heuft.de\/cms\/wp-json\/wp\/v2\/comments?post=5480"}],"version-history":[{"count":14,"href":"https:\/\/backofenbau-heuft.de\/cms\/wp-json\/wp\/v2\/pages\/5480\/revisions"}],"predecessor-version":[{"id":5924,"href":"https:\/\/backofenbau-heuft.de\/cms\/wp-json\/wp\/v2\/pages\/5480\/revisions\/5924"}],"wp:attachment":[{"href":"https:\/\/backofenbau-heuft.de\/cms\/wp-json\/wp\/v2\/media?parent=5480"}],"curies":[{"name":"wp","href":"https:\/\/api.w.org\/{rel}","templated":true}]}}