{"id":243,"date":"2022-10-31T15:58:28","date_gmt":"2022-10-31T15:58:28","guid":{"rendered":"http:\/\/backofenbau-heuft.de\/cms\/?page_id=243"},"modified":"2022-11-30T13:25:07","modified_gmt":"2022-11-30T13:25:07","slug":"das-unternehmen","status":"publish","type":"page","link":"https:\/\/backofenbau-heuft.de\/cms\/de\/das-unternehmen\/","title":{"rendered":"Das Unternehmen"},"content":{"rendered":"<div class=\"gb-container gb-container-34bc0d13\"><div class=\"gb-inside-container\">\n<div class=\"gb-grid-wrapper gb-grid-wrapper-4af1892b\">\n<div class=\"gb-grid-column gb-grid-column-76c4b4ee\"><div class=\"gb-container gb-container-76c4b4ee\"><div class=\"gb-inside-container\">\n\n<h2 class=\"gb-headline gb-headline-c6ad2351 gb-headline-text\">Moderne Technik aus Tradition.<\/h2>\n\n\n\n<p>Die Hermann Heuft GmbH Backofenbau ist europaweit t\u00e4tig. Bundesweit schenken uns \u00fcber 500 B\u00e4ckereien Ihr Vertrauen. Auch B\u00e4ckereien in Schweden, Estland und Rum\u00e4nien backen mit einem Natursteinbackofen von Heuft.<\/p>\n\n\n\n<p>Jeder Ofen ist ein Einzelst\u00fcck, das speziell auf die Bed\u00fcrfnisse der jeweiligen B\u00e4ckerei abgestimmt wurde. Selbst nach dem Bau eines Ofens werden die Kunden bei uns individuell betreut: unsere Wartungsmitarbeiter bieten Ihnen einen 24-Stunden-Service.<\/p>\n\n\n\n<p>Wir sind stolz darauf, als einer der kleinsten deutschen Ofenhersteller unsere Produkte komplett in eigener Regie herzustellen. Nicht zuletzt das macht unsere Natursteinback\u00f6fen so einzigartig!<\/p>\n\n<\/div><\/div><\/div>\n\n<div class=\"gb-grid-column gb-grid-column-f2b0c779\"><div class=\"gb-container gb-container-f2b0c779\"><div class=\"gb-inside-container\">\n<div class=\"wp-block-image image-frame img\">\n<figure class=\"aligncenter size-large\"><a href=\"https:\/\/backofenbau-heuft.de\/cms\/wp-content\/uploads\/2015\/04\/MG_8269.jpg\"><img decoding=\"async\" loading=\"lazy\" width=\"666\" height=\"1000\" src=\"https:\/\/backofenbau-heuft.de\/cms\/wp-content\/uploads\/2015\/04\/MG_8269-666x1000.jpg\" alt=\"\" class=\"wp-image-423\" srcset=\"https:\/\/backofenbau-heuft.de\/cms\/wp-content\/uploads\/2015\/04\/MG_8269-666x1000.jpg 666w, https:\/\/backofenbau-heuft.de\/cms\/wp-content\/uploads\/2015\/04\/MG_8269-200x300.jpg 200w, https:\/\/backofenbau-heuft.de\/cms\/wp-content\/uploads\/2015\/04\/MG_8269.jpg 1920w\" sizes=\"(max-width: 666px) 100vw, 666px\" \/><\/a><figcaption class=\"wp-element-caption\">Ein Ofen kurz vor seiner Fertigstellung<\/figcaption><\/figure><\/div>\n<\/div><\/div><\/div>\n<\/div>\n<\/div><\/div>\n\n<div class=\"gb-container gb-container-f642de2b\"><div class=\"gb-inside-container\">\n\n<h2 class=\"gb-headline gb-headline-9502a2e0\"><span class=\"gb-icon\"><svg xmlns=\"http:\/\/www.w3.org\/2000\/svg\" viewBox=\"0 0 34.586666 59.666668\" height=\"59.666668\" width=\"34.586666\" id=\"svg2\" version=\"1.1\">   <defs id=\"defs6\"><\/defs>              <g transform=\"matrix(1.3333333,0,0,-1.3333333,0,59.666667)\" id=\"g10\">     <g transform=\"scale(0.1)\" id=\"g12\">       <path id=\"path14\" style=\"fill:#e96216;fill-opacity:1;fill-rule:nonzero;stroke:none\" d=\"M 0,447.488 H 259.441 V 0 H 0 v 447.488\"><\/path>       <path id=\"path16\" style=\"fill:#0b0e19;fill-opacity:1;fill-rule:nonzero;stroke:none\" d=\"M 12.9688,256.633 V 81.0938 H 87.7656 V 141.316 H 169.949 V 81.0938 h 74.906 V 256.641 l -74.906,-0.008 V 167.664 H 87.7656 v 88.969 H 12.9688\"><\/path>       <path id=\"path18\" style=\"fill:#ffffff;fill-opacity:1;fill-rule:evenodd;stroke:none\" d=\"m 128.191,362.383 c -0.164,-7.188 -4.628,-18.86 -0.574,-25.801 1.731,-5.508 8.762,-9.98 6.297,-16.594 -1.726,-11.023 -3.726,-21.941 -7.984,-31.922 -1.465,-7.824 0,-16.328 6.09,-21.418 2.089,3.989 0.121,10.239 2.519,14.067 4.047,-2.152 3.059,-7.094 5.891,-10.078 0.144,-4.789 -0.11,-9.66 -0.633,-14.699 0.367,-0.313 0.691,-0.84 1.266,-0.637 2.089,6.719 -0.106,15.754 7.558,19.316 3.149,-0.047 6.723,0.488 8.606,3.574 3.41,3.879 1.535,8.926 0.847,13.235 5.293,3.73 4.465,12.637 5.356,18.789 0.894,-1.68 0.047,-7.969 0.933,-10.801 0.957,-2.891 1.211,-6.418 3.996,-8.203 -0.476,-5.457 -3.039,-10.117 -4.187,-15.332 3.457,-12.434 -12.309,-23.469 -1.899,-34.649 -0.527,-8.359 -7.671,-15.546 -6.519,-24.582 1.055,-1.355 2.476,0.278 3.57,0.637 l 2.114,2.305 c 0.875,-5.41 -4.36,-10.656 -8.403,-14.063 -1.988,-1.367 -1.949,-3.632 -2.73,-5.468 -0.317,-2.52 1.785,-4.465 4.199,-4.414 2.254,-0.207 4.195,1.101 6.082,1.269 -1.106,-5.305 -9.934,-8.566 -6.301,-14.695 1.367,-1.008 3.985,-0.324 4.414,-2.317 -4.832,-0.273 -7.82,-5.363 -11.758,-7.363 -7.207,0.223 -13.875,3.633 -21.011,4.004 -7.66,-1.27 -14.907,-7.41 -23.11,-3.582 -6.2458,4.266 -8.9723,12.715 -7.3434,20.801 2.7773,8.457 -0.1524,17.703 -3.9844,24.988 2.3047,5.461 0.5781,4.043 2.3047,5.461 0,0 6.5081,-5.883 6.7301,-10.07 -0.429,-2.903 -1.1637,-6.164 0.618,-8.614 3.574,-2.531 1.113,-7.871 4.199,-10.937 l 0.633,0.223 c -0.84,6.035 -1.36,12.445 1.269,18.058 0.613,6.192 -4.629,9.402 -6.308,14.91 0.578,5.41 -5.2427,8.672 -3.7778,14.707 4.4098,4.094 1.4609,11.184 4.4098,15.754 0.532,0.891 1.465,0.156 1.899,-0.422 1.836,-1.414 -0.383,-6.199 2.73,-5.457 0.473,5.879 2.246,12.442 -2.312,16.797 -0.324,5.676 3.562,11.453 -0.852,16.172 -6.4998,5.313 -11.4022,12.813 -9.8631,21.633 -0.0586,3.258 1.8398,6.031 0.8437,9.461 0.2539,0.515 -0.1093,-11.77 3.5625,-17.238 2.0977,-4.286 6.6099,-5.399 8.8169,-9.649 3.109,-5.516 3.109,-13.027 8.625,-16.797 5.656,0.879 2.878,8.235 4.191,12.387 -0.051,5.191 -6.777,8.191 -3.984,14.059 l 1.043,4.21 c 1.789,0 4.304,-2.207 5.886,0 5.996,5.469 5.996,15.235 3.574,22.688 -1.16,3.98 -5.203,6.988 -4.839,11.344 -1.633,2.511 2.578,3.144 2.324,5.664 -0.371,3.261 -3.203,6.515 -1.274,9.66 1.477,2.098 3.157,9.305 6.25,9.629\"><\/path>       <path id=\"path20\" style=\"fill:#e96216;fill-opacity:1;fill-rule:nonzero;stroke:none\" d=\"m 127.527,247.078 c 4.309,-2.664 9.621,-3.824 11.543,-8.601 -0.984,-6.036 3.325,-8.758 5.688,-13.438 l 5.445,-9.668 c -0.098,-1.418 -1.187,-1.633 -2.5,-1.476 -5.738,3 -5.308,12.609 -13.238,13.457 -1.527,2.367 -3.828,2.726 -5.879,1.875 -2.563,-1.571 -2.055,-4.774 -2.109,-7.555 0.796,-6.82 10.039,-8.352 9.871,-15.754 0.371,-6.613 -2.688,-13.914 0.222,-19.523 -1.05,-1.211 -2,0.351 -2.949,0.625 -2.051,1.781 -0.058,4.414 -1.266,6.515 -0.722,3.406 1.793,7.93 -2.089,10.281 -2.09,1.68 -3.735,3.938 -6.504,4.414 -9.824,8.391 -1.117,20.852 -5.903,31.086 0.746,2.52 3.528,4.043 3.371,7.137 -1.003,5.617 -3.464,11.613 -1.25,16.809 3.926,-4.629 3.133,-11.77 7.547,-16.184\"><\/path>     <\/g>   <\/g> <\/svg><\/span><\/h2>\n\n\n<div class=\"gb-grid-wrapper gb-grid-wrapper-82689f25\">\n<div class=\"gb-grid-column gb-grid-column-079ce735\"><div class=\"gb-container gb-container-079ce735\"><div class=\"gb-inside-container\">\n<div class=\"wp-block-image image-frame img\">\n<figure class=\"aligncenter size-large\"><a href=\"https:\/\/backofenbau-heuft.de\/cms\/wp-content\/uploads\/2022\/10\/seiten-zum-druck-Seite003-scaled.jpeg\"><img decoding=\"async\" loading=\"lazy\" width=\"667\" height=\"1000\" src=\"https:\/\/backofenbau-heuft.de\/cms\/wp-content\/uploads\/2022\/10\/seiten-zum-druck-Seite003-667x1000.jpeg\" alt=\"\" class=\"wp-image-5538\" srcset=\"https:\/\/backofenbau-heuft.de\/cms\/wp-content\/uploads\/2022\/10\/seiten-zum-druck-Seite003-667x1000.jpeg 667w, https:\/\/backofenbau-heuft.de\/cms\/wp-content\/uploads\/2022\/10\/seiten-zum-druck-Seite003-200x300.jpeg 200w, https:\/\/backofenbau-heuft.de\/cms\/wp-content\/uploads\/2022\/10\/seiten-zum-druck-Seite003-768x1152.jpeg 768w, https:\/\/backofenbau-heuft.de\/cms\/wp-content\/uploads\/2022\/10\/seiten-zum-druck-Seite003-1024x1536.jpeg 1024w, https:\/\/backofenbau-heuft.de\/cms\/wp-content\/uploads\/2022\/10\/seiten-zum-druck-Seite003-1365x2048.jpeg 1365w, https:\/\/backofenbau-heuft.de\/cms\/wp-content\/uploads\/2022\/10\/seiten-zum-druck-Seite003-scaled.jpeg 1707w\" sizes=\"(max-width: 667px) 100vw, 667px\" \/><\/a><\/figure><\/div>\n<\/div><\/div><\/div>\n\n<div class=\"gb-grid-column gb-grid-column-abb335eb\"><div class=\"gb-container gb-container-abb335eb\"><div class=\"gb-inside-container\">\n\n<h1 class=\"gb-headline gb-headline-f2a2a107 gb-headline-text\">Mer z\u00e4bschen Lebber Talp*<\/h1>\n\n\n\n<h2 class=\"gb-headline gb-headline-9e58cd14 gb-headline-text\"><span class=\"intro-text\">*K\u00f6nnen aber auch ganz gut Hochdeutsch.<\/span><\/h2>\n\n\n\n<p><strong>Beim Lebber Talp, der traditionellen Geheimsprache der Beller Backofenbauer, geht es ganz sch\u00f6n verdreht zu. Da wird das Hinterste nach vorne gekehrt, und einzelne Wortsilben werden r\u00fcckw\u00e4rts gesprochen. <\/strong><\/p>\n\n\n\n<p>BELL wird zu LEB, PLATT (in diesem Falle der in Bell gesprochene Dialekt) wird zu TALP, und der OFEN zum NEFO. Ein \u201es\u201c am Ende bildet den Plural, schon haben wir viele NEFOS. Und l\u00e4ngere W\u00f6rter werden kurzerhand in ihre Silben zerlegt, die jede f\u00fcr sich genommen wiederum verdreht werden \u2013 so wird aus dem BACKOFEN ein KABNEFO, aus dem HOLZBACKOFEN ein ZLOHKABNEFO. Klingt kompliziert? Hat aber nachweislich \u00fcber die Jahrhunderte hinweg funktioniert! Und die Familie Heuft beherrscht diese Geheimsprache selbst heute noch.<\/p>\n\n\n\n<p><strong>Und so kann man es drehen und wenden, wie man will: In Bell werden einfach die besten Back\u00f6fen gebaut!<\/strong><\/p>\n\n<\/div><\/div><\/div>\n<\/div>\n<\/div><div class=\"gb-shapes\"><div class=\"gb-shape gb-shape-1\"><svg xmlns=\"http:\/\/www.w3.org\/2000\/svg\" viewBox=\"0 0 1200 360\" preserveAspectRatio=\"none\"><path d=\"M1200 360H0V0l1200 348z\"\/><\/svg><\/div><div class=\"gb-shape gb-shape-2\"><svg xmlns=\"http:\/\/www.w3.org\/2000\/svg\" viewBox=\"0 0 1200 360\" preserveAspectRatio=\"none\"><path d=\"M1200 360H0V0l1200 348z\"\/><\/svg><\/div><\/div><\/div>\n\n<div class=\"gb-container gb-container-24d8ea33\"><div class=\"gb-inside-container\">\n<div class=\"n2-section-smartslider fitvidsignore  n2_clear\" data-ssid=\"11\" tabindex=\"0\" role=\"region\" aria-label=\"Slider\"><div id=\"n2-ss-11-align\" class=\"n2-ss-align\"><div class=\"n2-padding\"><div id=\"n2-ss-11\" data-creator=\"Smart Slider 3\" data-responsive=\"auto\" class=\"n2-ss-slider n2-ow n2-has-hover n2notransition  n2-ss-feature-post-bg-loader\">\n\n\n\n\n\n\n\n<div class=\"n2-ss-slider-wrapper-inside\">\r\n        <div class=\"n2-ss-slider-1 n2_ss__touch_element n2-ow\">\r\n            <div class=\"n2-ss-slider-2 n2-ow\">\r\n                                                    <div class=\"n2-ss-background-animation n2-ow\"><\/div>\r\n                                <div class=\"n2-ss-slider-3 n2-ow\">\r\n\r\n                    <div class=\"n2-ss-slide-backgrounds n2-ow-all\"><div class=\"n2-ss-slide-background\" data-public-id=\"1\" data-mode=\"fill\"><div class=\"n2-ss-slide-background-image\" data-blur=\"0\" data-opacity=\"100\" data-x=\"49\" data-y=\"82\" data-alt=\"\" data-title=\"\" style=\"--ss-o-pos-x:49%;--ss-o-pos-y:82%\"><picture class=\"skip-lazy\" data-skip-lazy=\"1\"><source srcset=\"\/\/backofenbau-heuft.de\/cms\/wp-content\/uploads\/slider\/cache\/a442cf5199956e55591fe25bfb01ad0d\/MG_8543.webp\" type=\"image\/webp\" media=\"(max-width: 500px)\" class=\"skip-lazy\" data-skip-lazy=\"1\"><source srcset=\"\/\/backofenbau-heuft.de\/cms\/wp-content\/uploads\/slider\/cache\/77ccc45c20e36fcdb60db5ae7ad9a636\/MG_8543.webp\" type=\"image\/webp\" media=\"(max-width: 1200px)\" class=\"skip-lazy\" data-skip-lazy=\"1\"><source srcset=\"\/\/backofenbau-heuft.de\/cms\/wp-content\/uploads\/slider\/cache\/2099ef8de5b5189970d6983ff7f935ae\/MG_8543.webp\" type=\"image\/webp\" class=\"skip-lazy\" data-skip-lazy=\"1\"><img decoding=\"async\" src=\"\/\/backofenbau-heuft.de\/cms\/wp-content\/uploads\/slider\/cache\/39eee2806c89f81e51f080b90202bba5\/MG_8543.jpg\" alt=\"\" title=\"\" loading=\"lazy\" class=\"skip-lazy\" data-skip-lazy=\"1\"><\/picture><\/div><div data-color=\"RGBA(255,255,255,0)\" style=\"background-color: RGBA(255,255,255,0);\" class=\"n2-ss-slide-background-color\"><\/div><\/div><div class=\"n2-ss-slide-background\" data-public-id=\"2\" data-mode=\"fill\"><div class=\"n2-ss-slide-background-image\" data-blur=\"0\" data-opacity=\"100\" data-x=\"49\" data-y=\"82\" data-alt=\"\" data-title=\"\" style=\"--ss-o-pos-x:49%;--ss-o-pos-y:82%\"><picture class=\"skip-lazy\" data-skip-lazy=\"1\"><source srcset=\"\/\/backofenbau-heuft.de\/cms\/wp-content\/uploads\/slider\/cache\/577d8ceff49f7ca4a32a907c6829ef74\/MG_8395.webp\" type=\"image\/webp\" media=\"(max-width: 500px)\" class=\"skip-lazy\" data-skip-lazy=\"1\"><source srcset=\"\/\/backofenbau-heuft.de\/cms\/wp-content\/uploads\/slider\/cache\/37ac1477f12aa73fd3ec9c331c73c4db\/MG_8395.webp\" type=\"image\/webp\" media=\"(max-width: 1200px)\" class=\"skip-lazy\" data-skip-lazy=\"1\"><source srcset=\"\/\/backofenbau-heuft.de\/cms\/wp-content\/uploads\/slider\/cache\/b9c9ec9c205d69066f7de138924d8220\/MG_8395.webp\" type=\"image\/webp\" class=\"skip-lazy\" data-skip-lazy=\"1\"><img decoding=\"async\" src=\"\/\/backofenbau-heuft.de\/cms\/wp-content\/uploads\/slider\/cache\/28e0429873196ca4194a258d4836db80\/MG_8395.jpg\" alt=\"\" title=\"\" loading=\"lazy\" class=\"skip-lazy\" data-skip-lazy=\"1\"><\/picture><\/div><div data-color=\"RGBA(255,255,255,0)\" style=\"background-color: RGBA(255,255,255,0);\" class=\"n2-ss-slide-background-color\"><\/div><\/div><div class=\"n2-ss-slide-background\" data-public-id=\"3\" data-mode=\"fill\"><div class=\"n2-ss-slide-background-image\" data-blur=\"0\" data-opacity=\"100\" data-x=\"49\" data-y=\"82\" data-alt=\"\" data-title=\"\" style=\"--ss-o-pos-x:49%;--ss-o-pos-y:82%\"><picture class=\"skip-lazy\" data-skip-lazy=\"1\"><source srcset=\"\/\/backofenbau-heuft.de\/cms\/wp-content\/uploads\/slider\/cache\/691cc5db7f9779d0f209bb2a3e42a582\/MG_8279.webp\" type=\"image\/webp\" media=\"(max-width: 500px)\" class=\"skip-lazy\" data-skip-lazy=\"1\"><source srcset=\"\/\/backofenbau-heuft.de\/cms\/wp-content\/uploads\/slider\/cache\/9da3df6c0b6b221ad9bc88aa91709ef5\/MG_8279.webp\" type=\"image\/webp\" media=\"(max-width: 1200px)\" class=\"skip-lazy\" data-skip-lazy=\"1\"><source srcset=\"\/\/backofenbau-heuft.de\/cms\/wp-content\/uploads\/slider\/cache\/af5ad320fee1f5a73b79375e308328bb\/MG_8279.webp\" type=\"image\/webp\" class=\"skip-lazy\" data-skip-lazy=\"1\"><img decoding=\"async\" src=\"\/\/backofenbau-heuft.de\/cms\/wp-content\/uploads\/slider\/cache\/bea26ddeb65721c500836d5efb02b419\/MG_8279.jpg\" alt=\"\" title=\"\" loading=\"lazy\" class=\"skip-lazy\" data-skip-lazy=\"1\"><\/picture><\/div><div data-color=\"RGBA(255,255,255,0)\" style=\"background-color: RGBA(255,255,255,0);\" class=\"n2-ss-slide-background-color\"><\/div><\/div><div class=\"n2-ss-slide-background\" data-public-id=\"4\" data-mode=\"fill\"><div class=\"n2-ss-slide-background-image\" data-blur=\"0\" data-opacity=\"100\" data-x=\"49\" data-y=\"82\" data-alt=\"\" data-title=\"\" style=\"--ss-o-pos-x:49%;--ss-o-pos-y:82%\"><picture class=\"skip-lazy\" data-skip-lazy=\"1\"><source srcset=\"\/\/backofenbau-heuft.de\/cms\/wp-content\/uploads\/slider\/cache\/56c6611a97d881878c913627aa859a25\/MG_8494.webp\" type=\"image\/webp\" media=\"(max-width: 500px)\" class=\"skip-lazy\" data-skip-lazy=\"1\"><source srcset=\"\/\/backofenbau-heuft.de\/cms\/wp-content\/uploads\/slider\/cache\/e0e3c5f0e9dc64251a15a4aafc9d045e\/MG_8494.webp\" type=\"image\/webp\" media=\"(max-width: 1200px)\" class=\"skip-lazy\" data-skip-lazy=\"1\"><source srcset=\"\/\/backofenbau-heuft.de\/cms\/wp-content\/uploads\/slider\/cache\/9a2a0b1fdfbd27185e2c76d540a5c1f0\/MG_8494.webp\" type=\"image\/webp\" class=\"skip-lazy\" data-skip-lazy=\"1\"><img decoding=\"async\" src=\"\/\/backofenbau-heuft.de\/cms\/wp-content\/uploads\/slider\/cache\/d7c5ed0213f3b2ca9fc130a84de71177\/MG_8494.jpg\" alt=\"\" title=\"\" loading=\"lazy\" class=\"skip-lazy\" data-skip-lazy=\"1\"><\/picture><\/div><div data-color=\"RGBA(255,255,255,0)\" style=\"background-color: RGBA(255,255,255,0);\" class=\"n2-ss-slide-background-color\"><\/div><\/div><div class=\"n2-ss-slide-background\" data-public-id=\"5\" data-mode=\"fill\"><div class=\"n2-ss-slide-background-image\" data-blur=\"0\" data-opacity=\"100\" data-x=\"49\" data-y=\"82\" data-alt=\"\" data-title=\"\" style=\"--ss-o-pos-x:49%;--ss-o-pos-y:82%\"><picture class=\"skip-lazy\" data-skip-lazy=\"1\"><source srcset=\"\/\/backofenbau-heuft.de\/cms\/wp-content\/uploads\/slider\/cache\/18c08eaf24d2f2121d93db0d2060ee5d\/MG_8359.webp\" type=\"image\/webp\" media=\"(max-width: 500px)\" class=\"skip-lazy\" data-skip-lazy=\"1\"><source srcset=\"\/\/backofenbau-heuft.de\/cms\/wp-content\/uploads\/slider\/cache\/a88c2d19763b490f3f96c079368263a3\/MG_8359.webp\" type=\"image\/webp\" media=\"(max-width: 1200px)\" class=\"skip-lazy\" data-skip-lazy=\"1\"><source srcset=\"\/\/backofenbau-heuft.de\/cms\/wp-content\/uploads\/slider\/cache\/807b6e37241e4c40bacd73282da35a9d\/MG_8359.webp\" type=\"image\/webp\" class=\"skip-lazy\" data-skip-lazy=\"1\"><img decoding=\"async\" src=\"\/\/backofenbau-heuft.de\/cms\/wp-content\/uploads\/slider\/cache\/3bac35cf6e3c3eaf3f770173bc524e04\/MG_8359.jpg\" alt=\"\" title=\"\" loading=\"lazy\" class=\"skip-lazy\" data-skip-lazy=\"1\"><\/picture><\/div><div data-color=\"RGBA(255,255,255,0)\" style=\"background-color: RGBA(255,255,255,0);\" class=\"n2-ss-slide-background-color\"><\/div><\/div><\/div>                    <div class=\"n2-ss-slider-4 n2-ow\">\r\n                        <svg xmlns=\"http:\/\/www.w3.org\/2000\/svg\" viewBox=\"0 0 1200 800\" data-related-device=\"desktopPortrait\" class=\"n2-ow n2-ss-preserve-size n2-ss-preserve-size--slider n2-ss-slide-limiter\"><\/svg><div data-first=\"1\" data-slide-duration=\"0\" data-id=\"50\" data-slide-public-id=\"1\" data-title=\"start\" class=\"n2-ss-slide n2-ow  n2-ss-slide-50\"><div role=\"note\" class=\"n2-ss-slide--focus\" tabindex=\"-1\">start<\/div><div class=\"n2-ss-layers-container n2-ss-slide-limiter n2-ow\"><div class=\"n2-ss-layer n2-ow n-uc-pbXuiORDf7yt\" data-sstype=\"slide\" data-pm=\"default\"><\/div><\/div><\/div><div data-slide-duration=\"0\" data-id=\"53\" data-slide-public-id=\"2\" data-title=\"start\" class=\"n2-ss-slide n2-ow  n2-ss-slide-53\"><div role=\"note\" class=\"n2-ss-slide--focus\" tabindex=\"-1\">start<\/div><div class=\"n2-ss-layers-container n2-ss-slide-limiter n2-ow\"><div class=\"n2-ss-layer n2-ow n-uc-1SpIeZ9SLYuc\" data-sstype=\"slide\" data-pm=\"default\"><\/div><\/div><\/div><div data-slide-duration=\"0\" data-id=\"54\" data-slide-public-id=\"3\" data-title=\"start\" class=\"n2-ss-slide n2-ow  n2-ss-slide-54\"><div role=\"note\" class=\"n2-ss-slide--focus\" tabindex=\"-1\">start<\/div><div class=\"n2-ss-layers-container n2-ss-slide-limiter n2-ow\"><div class=\"n2-ss-layer n2-ow n-uc-Qwu5ZtaxhUQb\" data-sstype=\"slide\" data-pm=\"default\"><\/div><\/div><\/div><div data-slide-duration=\"0\" data-id=\"55\" data-slide-public-id=\"4\" data-title=\"start\" class=\"n2-ss-slide n2-ow  n2-ss-slide-55\"><div role=\"note\" class=\"n2-ss-slide--focus\" tabindex=\"-1\">start<\/div><div class=\"n2-ss-layers-container n2-ss-slide-limiter n2-ow\"><div class=\"n2-ss-layer n2-ow n-uc-oiqP4UL7QmJj\" data-sstype=\"slide\" data-pm=\"default\"><\/div><\/div><\/div><div data-slide-duration=\"0\" data-id=\"56\" data-slide-public-id=\"5\" data-title=\"start\" class=\"n2-ss-slide n2-ow  n2-ss-slide-56\"><div role=\"note\" class=\"n2-ss-slide--focus\" tabindex=\"-1\">start<\/div><div class=\"n2-ss-layers-container n2-ss-slide-limiter n2-ow\"><div class=\"n2-ss-layer n2-ow n-uc-omLit42mJvBe\" data-sstype=\"slide\" data-pm=\"default\"><\/div><\/div><\/div>                    <\/div>\r\n\r\n                                    <\/div>\r\n            <\/div>\r\n        <\/div>\r\n        <div class=\"n2-ss-slider-controls n2-ss-slider-controls-absolute-right-top\"><div style=\"--widget-offset:40px;\" class=\"n2-ss-widget n2-style-f17ddbf2d8ed14421f9093b94b93b8a9-heading n2-full-screen-widget n2-ow-all n2-full-screen-widget-image nextend-fullscreen\"><img decoding=\"async\" loading=\"lazy\" width=\"16\" height=\"16\" class=\"n2-full-screen-widget-to-normal skip-lazy\" role=\"button\" tabindex=\"0\" data-skip-lazy=\"1\" src=\"data:image\/svg+xml;base64,PHN2ZyB3aWR0aD0iMTYiIGhlaWdodD0iMTYiIHZpZXdCb3g9IjAgMCAxNiAxNiIgeG1sbnM9Imh0dHA6Ly93d3cudzMub3JnLzIwMDAvc3ZnIj4NCiAgICA8cGF0aCBkPSJNMTYgMTF2MWMwIC4wMDYtMS45OTcuMDA2LTIgMCAuMDAzLjAwNi4wMDMgMiAwIDJoLTF2LTNoM3ptLTItN2MuMDAzLS4wMTIgMi0uMDEyIDIgMHYxaC0zVjJoMWMuMDAzIDAgLjAwMyAxLjk4OCAwIDJ6TTMgMnYzSDBWNGMwLS4wMTIgMi0uMDEyIDIgMFYyaDF6bTEgM2g4djZINFY1em0tMiA3YzAgLjAwNC0xLjk5Ni4wMDQtMiAwIC4wMDQuMDA0IDAtMSAwLTFoM3YzSDJ2LTJ6Ig0KICAgICAgICAgIGZpbGw9IiNmZmZmZmYiIG9wYWNpdHk9IjAuOCIgZmlsbC1ydWxlPSJldmVub2RkIi8+DQo8L3N2Zz4=\" alt=\"Exit full screen\"><img decoding=\"async\" loading=\"lazy\" width=\"16\" height=\"16\" class=\"n2-full-screen-widget-to-full skip-lazy\" role=\"button\" tabindex=\"0\" data-skip-lazy=\"1\" src=\"data:image\/svg+xml;base64,PHN2ZyB3aWR0aD0iMTYiIGhlaWdodD0iMTYiIHZpZXdCb3g9IjAgMCAxNiAxNiIgeG1sbnM9Imh0dHA6Ly93d3cudzMub3JnLzIwMDAvc3ZnIj4NCiAgICA8cGF0aCBkPSJNMTMgMTR2LTFjMC0uMDA3IDEuOTk3LS4wMDcgMiAwLS4wMDMtLjAwNy0uMDAzLTIgMC0yaDF2M2gtM3ptMi0xMWMtLjAwMy4wMTItMiAuMDEyLTIgMFYyaDN2M2gtMWMtLjAwMyAwLS4wMDMtMS45ODggMC0yek0xIDVIMFYyaDN2MWMwIC4wMTItMiAuMDEyLTIgMHYyem0xLTFoMTJ2OEgyVjR6bS0xIDljMC0uMDA0IDEuOTk2LS4wMDQgMiAwLS4wMDQtLjAwNCAwIDEgMCAxSDB2LTNoMXYyeiINCiAgICAgICAgICBmaWxsPSIjZmZmZmZmIiBvcGFjaXR5PSIwLjgiIGZpbGwtcnVsZT0iZXZlbm9kZCIvPg0KPC9zdmc+\" alt=\"Enter Full screen\"><\/div><\/div><div class=\"n2-ss-slider-controls n2-ss-slider-controls-absolute-left-center\"><div style=\"--widget-offset:15px;\" class=\"n2-ss-widget n2-style-107cb0e4b96e295f0c4852cfc0854d07-heading nextend-arrow n2-ow-all nextend-arrow-previous  nextend-arrow-animated-fade\" id=\"n2-ss-11-arrow-previous\" role=\"button\" aria-label=\"previous arrow\" tabindex=\"0\"><img decoding=\"async\" loading=\"lazy\" width=\"32\" height=\"32\" class=\"skip-lazy\" data-skip-lazy=\"1\" src=\"data:image\/svg+xml;base64,PHN2ZyB4bWxucz0iaHR0cDovL3d3dy53My5vcmcvMjAwMC9zdmciIHdpZHRoPSIzMiIgaGVpZ2h0PSIzMiIgdmlld0JveD0iMCAwIDMyIDMyIj4NCiAgICA8cGF0aCBmaWxsPSIjZmZmZmZmIiBvcGFjaXR5PSIwLjgiIGZpbGwtcnVsZT0iZXZlbm9kZCINCiAgICAgICAgICBkPSJNMTguOTk1OCA4Ljk5MDdjMC0uNDI0LS4yMDQtLjcyMy0uNjEtLjg5OC0uNDA5LS4xNzMtLjc3Mi0uMTA0LTEuMDkzLjIwOWwtNy4wMDYgNi45NzVjLS4yMDEuMTk5LS4yOTcuNDM3LS4yODYuNzE2IDAgLjI2Ny4wOTYuNDk4LjI4Ni42ODlsNy4wMDYgNy4wMDFjLjMyMS4zMjEuNjg0LjM4OSAxLjA5My4yMDkuNDA2LS4xNzQuNjEtLjQ4Mi42MS0uOTIyVjguOTkwN3oiLz4NCjwvc3ZnPg==\" alt=\"previous arrow\"><\/div><\/div><div class=\"n2-ss-slider-controls n2-ss-slider-controls-absolute-right-center\"><div style=\"--widget-offset:15px;\" class=\"n2-ss-widget n2-style-107cb0e4b96e295f0c4852cfc0854d07-heading nextend-arrow n2-ow-all nextend-arrow-next  nextend-arrow-animated-fade\" id=\"n2-ss-11-arrow-next\" role=\"button\" aria-label=\"next arrow\" tabindex=\"0\"><img decoding=\"async\" loading=\"lazy\" width=\"32\" height=\"32\" class=\"skip-lazy\" data-skip-lazy=\"1\" src=\"data:image\/svg+xml;base64,PHN2ZyB3aWR0aD0iMzIiIGhlaWdodD0iMzIiIHZpZXdCb3g9IjAgMCAzMiAzMiIgeG1sbnM9Imh0dHA6Ly93d3cudzMub3JnLzIwMDAvc3ZnIj4NCiAgICA8cGF0aCBkPSJNMTIgOC45OWMwLS40MjMuMjA0LS43MjIuNjEtLjg5Ny40MDgtLjE3My43NzItLjEwNCAxLjA5Mi4yMWw3LjAwNiA2Ljk3NGMuMjAyLjIuMjk4LjQzNy4yODcuNzE2IDAgLjI2Ny0uMDk2LjQ5OC0uMjg3LjY5bC03LjAwNiA3Yy0uMzIuMzItLjY4NC4zOS0xLjA5Mi4yMS0uNDA2LS4xNzUtLjYxLS40ODMtLjYxLS45MjNWOC45OXoiDQogICAgICAgICAgZmlsbD0iI2ZmZmZmZiIgb3BhY2l0eT0iMC44IiBmaWxsLXJ1bGU9ImV2ZW5vZGQiLz4NCjwvc3ZnPg==\" alt=\"next arrow\"><\/div><\/div><\/div><\/div><ss3-loader><\/ss3-loader><\/div><\/div><div class=\"n2_clear\"><\/div><\/div>\n<\/div><\/div>","protected":false},"excerpt":{"rendered":"","protected":false},"author":2,"featured_media":0,"parent":0,"menu_order":0,"comment_status":"closed","ping_status":"closed","template":"","meta":{"footnotes":""},"_links":{"self":[{"href":"https:\/\/backofenbau-heuft.de\/cms\/wp-json\/wp\/v2\/pages\/243"}],"collection":[{"href":"https:\/\/backofenbau-heuft.de\/cms\/wp-json\/wp\/v2\/pages"}],"about":[{"href":"https:\/\/backofenbau-heuft.de\/cms\/wp-json\/wp\/v2\/types\/page"}],"author":[{"embeddable":true,"href":"https:\/\/backofenbau-heuft.de\/cms\/wp-json\/wp\/v2\/users\/2"}],"replies":[{"embeddable":true,"href":"https:\/\/backofenbau-heuft.de\/cms\/wp-json\/wp\/v2\/comments?post=243"}],"version-history":[{"count":33,"href":"https:\/\/backofenbau-heuft.de\/cms\/wp-json\/wp\/v2\/pages\/243\/revisions"}],"predecessor-version":[{"id":5888,"href":"https:\/\/backofenbau-heuft.de\/cms\/wp-json\/wp\/v2\/pages\/243\/revisions\/5888"}],"wp:attachment":[{"href":"https:\/\/backofenbau-heuft.de\/cms\/wp-json\/wp\/v2\/media?parent=243"}],"curies":[{"name":"wp","href":"https:\/\/api.w.org\/{rel}","templated":true}]}}