{"id":235,"date":"2015-06-09T08:10:13","date_gmt":"2015-04-03T16:07:10","guid":{"rendered":"http:\/\/backofenbau-heuft.de\/cms\/?page_id=235"},"modified":"2020-12-29T06:34:29","modified_gmt":"2020-12-29T06:34:29","slug":"impressum","status":"publish","type":"page","link":"https:\/\/backofenbau-heuft.de\/cms\/de\/kontakt\/impressum\/","title":{"rendered":"Impressum"},"content":{"rendered":"<p><strong>Hermann Heuft GmbH Backofenbau<\/strong><br \/>\nGewerbegebiet Am Rothen Berg 7<br \/>\nD-56745 Bell<br \/>\nTel. ++ 49 26 52\/12 53<br \/>\nFAX ++49 26 52\/5 22 68<br \/>\nservice@hermann-heuft.de<\/p>\n<p><strong>Vertretungsberechtigter Gesch\u00e4ftsf\u00fchrer,<br \/>\nInhaltlich verantwortlich gem\u00e4\u00df \u00a7 55 Abs. 2 RstV:<br \/>\nClaus Heuft, Tobias Heuft<br \/>\nHRB Koblenz 12484<br \/>\nUmsatzsteuer-Identifikationsnr. DE 149 261 890<\/strong><\/p>\n<p><strong>Inhalte:<br \/>\n<\/strong>Der Inhalt dieser Seiten wurde sorgf\u00e4ltig bearbeitet und \u00fcberpr\u00fcft. Wir \u00fcbernehmen jedoch keine Gew\u00e4hr f\u00fcr die Aktualit\u00e4t, Richtigkeit, Vollst\u00e4ndigkeit oder Qualit\u00e4t der bereitgestellten Informationen. Haftungsanspr\u00fcche gegen uns, die sich auf Sch\u00e4den materieller oder ideeller Art beziehen, welche durch die Nutzung oder Nichtnutzung der dargebotenen Informationen oder durch fehlerhafte und unvollst\u00e4ndige Informationen verursacht wurden, sind grunds\u00e4tzlich ausgeschlossen, sofern durch uns kein nachweislich vors\u00e4tzliches oder grob fahrl\u00e4ssiges Verschulden vorliegt.<br \/>\nWir behalten uns ausdr\u00fccklich das Recht vor, Teile der Seite oder das gesamte Angebot ohne vorherige Ank\u00fcndigung zu ver\u00e4ndern, zu erg\u00e4nzen, zu l\u00f6schen oder die Ver\u00f6ffentlichung einzustellen.<\/p>\n<p><strong>Links:<\/strong><br \/>\nSofern wir direkt oder indirekt auf fremde Internetseiten verweisen (\u201cLinks\u201d), haften wir nur, wenn wir von den Inhalten genaue Kenntnis haben und es technisch m\u00f6glich und zumutbar ist, die Nutzung im Falle rechtswidriger Inhalte zu verhindern. Wir erkl\u00e4ren hiermit ausdr\u00fccklich, dass zum Zeitpunkt der Linksetzung die verlinkten Seiten keine illegalen Inhalte enthalten haben. Wir haben keinerlei Einfluss auf die aktuelle und zuk\u00fcnftige Gestaltung der verlinkten Seiten.<br \/>\nWir distanzieren uns daher hiermit ausdr\u00fccklich von allen inhaltlichen \u00c4nderungen, die nach der Linkssetzung auf den verlinkten Seiten vorgenommen werden.<br \/>\nWir sind nicht verantwortlich f\u00fcr den Inhalt, die Verf\u00fcgbarkeit, die Richtigkeit und die Genauigkeit der verlinkten Seiten, deren Angebote, Links oder Werbeanzeigen.<br \/>\nWir haften nicht f\u00fcr illegale, fehlerhafte oder unvollst\u00e4ndige Inhalte und insbesondere f\u00fcr Sch\u00e4den, die durch Nutzung oder Nichtnutzung der auf den verlinkten Seiten angebotenen Informationen entstehen.<\/p>\n<p><strong>Urheberrecht:<\/strong><br \/>\nWir sind bestrebt, in allen Publikationen geltende Urheberrechte zu beachten. Sollte es trotzdem zu einer Urheberrechtsverletzung kommen, werden wir das entsprechende Objekt nach Benachrichtigung aus unserer Publikation entfernen bzw. mit dem entsprechenden Urheberrecht kenntlich machen. Alle innerhalb des Internetangebots genannten und gegebenenfalls durch Dritte gesch\u00fctzten Marken- und Warenzeichen unterliegen uneingeschr\u00e4nkt den Bestimmungen des jeweils g\u00fcltigen Kennzeichenrechts und den Besitzrechten der jeweiligen eingetragenen Eigent\u00fcmer.<br \/>\nAllein aufgrund der blo\u00dfen Nennung ist nicht der Schluss zu ziehen, dass Markenzeichen nicht durch Rechte Dritter gesch\u00fctzt sind. Das Urheberrecht f\u00fcr die eigenen Inhalte unserer Domain www.hermann-heuft.de steht allein uns zu. Eine Vervielf\u00e4ltigung solcher Grafiken, Sounds oder Texte in anderen elektronischen oder gedruckten Publikationen ist ohne ausdr\u00fcckliche Zustimmung durch uns nicht gestattet.<br \/>\n<strong><br \/>\nWeitergabe an Dritte:<\/strong><br \/>\nAlle Daten, die Sie uns \u00fcbermittelt haben, werden selbstverst\u00e4ndlich vertraulich behandelt. Wir stellen Ihre Daten grunds\u00e4tzlich nicht anderen zur Nutzung zur Verf\u00fcgung, es sei denn, Sie haben hierzu Ihr Einverst\u00e4ndnis gegeben oder wir sind zur Preisgabe dieser Daten verpflichtet, beispielsweise aufgrund gerichtlicher Verf\u00fcgung.<\/p>\n<p><strong>Gestaltung und Umsetzung:<\/strong><br \/>\n<a href=\"http:\/\/bauwerk-design.de\" target=\"_blank\" rel=\"noopener\">Bauwerk Kommunikationsdesign, Carsten Liersch,<\/a><br \/>\n\u00a92015<\/p>\n","protected":false},"excerpt":{"rendered":"<p>Hermann Heuft GmbH Backofenbau Gewerbegebiet Am Rothen Berg 7 D-56745 Bell Tel. ++ 49 26 52\/12 53 FAX ++49 26 52\/5 22 68 service@hermann-heuft.de Vertretungsberechtigter Gesch\u00e4ftsf\u00fchrer, Inhaltlich verantwortlich gem\u00e4\u00df \u00a7 55 Abs. 2 RstV: Claus Heuft, Tobias Heuft HRB Koblenz 12484 Umsatzsteuer-Identifikationsnr. DE 149 261 890 Inhalte: Der Inhalt dieser Seiten wurde sorgf\u00e4ltig bearbeitet und &#8230; <a title=\"Impressum\" class=\"read-more\" href=\"https:\/\/backofenbau-heuft.de\/cms\/de\/kontakt\/impressum\/\" aria-label=\"Mehr zu Impressum\">Weiterlesen &#8230;<\/a><\/p>\n","protected":false},"author":2,"featured_media":0,"parent":224,"menu_order":0,"comment_status":"closed","ping_status":"closed","template":"","meta":{"footnotes":""},"_links":{"self":[{"href":"https:\/\/backofenbau-heuft.de\/cms\/wp-json\/wp\/v2\/pages\/235"}],"collection":[{"href":"https:\/\/backofenbau-heuft.de\/cms\/wp-json\/wp\/v2\/pages"}],"about":[{"href":"https:\/\/backofenbau-heuft.de\/cms\/wp-json\/wp\/v2\/types\/page"}],"author":[{"embeddable":true,"href":"https:\/\/backofenbau-heuft.de\/cms\/wp-json\/wp\/v2\/users\/2"}],"replies":[{"embeddable":true,"href":"https:\/\/backofenbau-heuft.de\/cms\/wp-json\/wp\/v2\/comments?post=235"}],"version-history":[{"count":5,"href":"https:\/\/backofenbau-heuft.de\/cms\/wp-json\/wp\/v2\/pages\/235\/revisions"}],"predecessor-version":[{"id":808,"href":"https:\/\/backofenbau-heuft.de\/cms\/wp-json\/wp\/v2\/pages\/235\/revisions\/808"}],"up":[{"embeddable":true,"href":"https:\/\/backofenbau-heuft.de\/cms\/wp-json\/wp\/v2\/pages\/224"}],"wp:attachment":[{"href":"https:\/\/backofenbau-heuft.de\/cms\/wp-json\/wp\/v2\/media?parent=235"}],"curies":[{"name":"wp","href":"https:\/\/api.w.org\/{rel}","templated":true}]}}